{"id":99,"date":"2024-06-18T14:03:57","date_gmt":"2024-06-18T14:03:57","guid":{"rendered":"https:\/\/group-intrade.com\/contact\/"},"modified":"2024-06-21T14:06:30","modified_gmt":"2024-06-21T14:06:30","slug":"contact","status":"publish","type":"page","link":"https:\/\/group-intrade.com\/fr\/contact\/","title":{"rendered":"Contact"},"content":{"rendered":"\t\t<div data-elementor-type=\"wp-page\" data-elementor-id=\"99\" class=\"elementor elementor-99\">\n\t\t\t\t<div class=\"elementor-element elementor-element-3f59a2c e-flex e-con-boxed e-con e-parent\" data-id=\"3f59a2c\" data-element_type=\"container\">\n\t\t\t\t\t<div class=\"e-con-inner\">\n\t\t<div class=\"elementor-element elementor-element-fe729fd e-con-full e-flex e-con e-child\" data-id=\"fe729fd\" data-element_type=\"container\">\n\t\t<div class=\"elementor-element elementor-element-b28d74e e-con-full e-flex e-con e-child\" data-id=\"b28d74e\" data-element_type=\"container\">\n\t\t<div class=\"elementor-element elementor-element-0ee95a8 e-con-full e-flex e-con e-child\" data-id=\"0ee95a8\" data-element_type=\"container\">\n\t\t\t\t<div class=\"elementor-element elementor-element-3c53f10 elementor-widget elementor-widget-heading\" data-id=\"3c53f10\" data-element_type=\"widget\" data-widget_type=\"heading.default\">\n\t\t\t\t<div class=\"elementor-widget-container\">\n\t\t\t<h2 class=\"elementor-heading-title elementor-size-default\">Des Questions?<\/h2>\t\t<\/div>\n\t\t\t\t<\/div>\n\t\t\t\t<div class=\"elementor-element elementor-element-d0bd2fc elementor-widget elementor-widget-text-editor\" data-id=\"d0bd2fc\" data-element_type=\"widget\" data-widget_type=\"text-editor.default\">\n\t\t\t\t<div class=\"elementor-widget-container\">\n\t\t\t\t\t\t\tN&rsquo;h\u00e9sitez pas \u00e0 nous appeler ou \u00e0 nous envoyer un email, \n            ou utilisez notre formulaire de contact pour entrer en communication avec nous. \n            Nous avons h\u00e2te de recevoir de vos nouvelles !\t\t\t\t\t\t<\/div>\n\t\t\t\t<\/div>\n\t\t\t\t<div class=\"elementor-element elementor-element-9003b0f elementor-widget elementor-widget-heading\" data-id=\"9003b0f\" data-element_type=\"widget\" data-widget_type=\"heading.default\">\n\t\t\t\t<div class=\"elementor-widget-container\">\n\t\t\t<h5 class=\"elementor-heading-title elementor-size-default\">Urgence ? Appelez-nous :<\/h5>\t\t<\/div>\n\t\t\t\t<\/div>\n\t\t\t\t<div class=\"elementor-element elementor-element-8b4e5d9 elementor-widget elementor-widget-text-editor\" data-id=\"8b4e5d9\" data-element_type=\"widget\" data-widget_type=\"text-editor.default\">\n\t\t\t\t<div class=\"elementor-widget-container\">\n\t\t\t\t\t\t\t<p>+33 7 82 40 86 44<\/p>\t\t\t\t\t\t<\/div>\n\t\t\t\t<\/div>\n\t\t\t\t<div class=\"elementor-element elementor-element-a3e86b7 elementor-widget elementor-widget-heading\" data-id=\"a3e86b7\" data-element_type=\"widget\" data-widget_type=\"heading.default\">\n\t\t\t\t<div class=\"elementor-widget-container\">\n\t\t\t<h5 class=\"elementor-heading-title elementor-size-default\">Envoyez-nous un courrier<\/h5>\t\t<\/div>\n\t\t\t\t<\/div>\n\t\t\t\t<div class=\"elementor-element elementor-element-dc3ee1e elementor-widget elementor-widget-text-editor\" data-id=\"dc3ee1e\" data-element_type=\"widget\" data-widget_type=\"text-editor.default\">\n\t\t\t\t<div class=\"elementor-widget-container\">\n\t\t\t\t\t\t\t<p>admin@group-intrade.com<\/p>\t\t\t\t\t\t<\/div>\n\t\t\t\t<\/div>\n\t\t\t\t<\/div>\n\t\t<div class=\"elementor-element elementor-element-bb787ab e-con-full e-flex e-con e-child\" data-id=\"bb787ab\" data-element_type=\"container\">\n\t\t\t\t<div class=\"elementor-element elementor-element-f980d57 elementor-widget elementor-widget-image\" data-id=\"f980d57\" data-element_type=\"widget\" data-widget_type=\"image.default\">\n\t\t\t\t<div class=\"elementor-widget-container\">\n\t\t\t\t\t\t\t\t\t\t\t\t\t<img fetchpriority=\"high\" decoding=\"async\" width=\"640\" height=\"935\" src=\"https:\/\/group-intrade.com\/wp-content\/uploads\/2024\/06\/cont-701x1024.jpg\" class=\"attachment-large size-large wp-image-190\" alt=\"\" srcset=\"https:\/\/group-intrade.com\/wp-content\/uploads\/2024\/06\/cont-701x1024.jpg 701w, https:\/\/group-intrade.com\/wp-content\/uploads\/2024\/06\/cont-205x300.jpg 205w, https:\/\/group-intrade.com\/wp-content\/uploads\/2024\/06\/cont-768x1122.jpg 768w, https:\/\/group-intrade.com\/wp-content\/uploads\/2024\/06\/cont-411x600.jpg 411w, https:\/\/group-intrade.com\/wp-content\/uploads\/2024\/06\/cont.jpg 924w\" sizes=\"(max-width: 640px) 100vw, 640px\" \/>\t\t\t\t\t\t\t\t\t\t\t\t\t<\/div>\n\t\t\t\t<\/div>\n\t\t\t\t<\/div>\n\t\t<div class=\"elementor-element elementor-element-00abff5 e-con-full e-flex e-con e-child\" data-id=\"00abff5\" data-element_type=\"container\" data-settings=\"{&quot;background_background&quot;:&quot;classic&quot;}\">\n\t\t\t\t<div class=\"elementor-element elementor-element-7bc1f1c elementor-button-align-stretch elementor-widget elementor-widget-twbb_form\" data-id=\"7bc1f1c\" data-element_type=\"widget\" data-settings=\"{&quot;step_next_label&quot;:&quot;Next&quot;,&quot;step_previous_label&quot;:&quot;Previous&quot;,&quot;button_width&quot;:&quot;100&quot;,&quot;step_type&quot;:&quot;number_text&quot;,&quot;step_icon_shape&quot;:&quot;circle&quot;}\" data-widget_type=\"twbb_form.default\">\n\t\t\t\t<div class=\"elementor-widget-container\">\n\t\t\t\t\t<form class=\"elementor-form\" method=\"post\" name=\"New Form\">\n\t\t\t<input type=\"hidden\" name=\"post_id\" value=\"99\"\/>\n\t\t\t<input type=\"hidden\" name=\"form_id\" value=\"7bc1f1c\"\/>\n\t\t\t<input type=\"hidden\" name=\"referer_title\" value=\"\" \/>\n\n\t\t\t\n\t\t\t<div class=\"elementor-form-fields-wrapper elementor-labels-above\">\n\t\t\t\t\t\t\t\t<div class=\"elementor-field-type-text elementor-field-group elementor-column elementor-field-group-name elementor-col-100\">\n\t\t\t\t\t\t\t\t\t\t\t\t\t<input size=\"1\" type=\"text\" name=\"form_fields[name]\" id=\"form-field-name\" class=\"elementor-field elementor-size-sm  elementor-field-textual\" placeholder=\"Nom\">\n\t\t\t\t\t\t\t\t\t\t\t<\/div>\n\t\t\t\t\t\t\t\t<div class=\"elementor-field-type-email elementor-field-group elementor-column elementor-field-group-email elementor-col-100 elementor-field-required\">\n\t\t\t\t\t\t\t\t\t\t\t\t\t<input size=\"1\" type=\"email\" name=\"form_fields[email]\" id=\"form-field-email\" class=\"elementor-field elementor-size-sm  elementor-field-textual\" placeholder=\"Adresse e-mail\" required=\"required\" aria-required=\"true\">\n\t\t\t\t\t\t\t\t\t\t\t<\/div>\n\t\t\t\t\t\t\t\t<div class=\"elementor-field-type-text elementor-field-group elementor-column elementor-field-group-field_41c0710 elementor-col-100 elementor-field-required\">\n\t\t\t\t\t\t\t\t\t\t\t\t\t<input size=\"1\" type=\"text\" name=\"form_fields[field_41c0710]\" id=\"form-field-field_41c0710\" class=\"elementor-field elementor-size-sm  elementor-field-textual\" placeholder=\"Sujet\" required=\"required\" aria-required=\"true\">\n\t\t\t\t\t\t\t\t\t\t\t<\/div>\n\t\t\t\t\t\t\t\t<div class=\"elementor-field-type-textarea elementor-field-group elementor-column elementor-field-group-message elementor-col-100\">\n\t\t\t\t\t<textarea class=\"elementor-field-textual elementor-field  elementor-size-sm\" name=\"form_fields[message]\" id=\"form-field-message\" rows=\"4\" placeholder=\"Your Message\"><\/textarea>\t\t\t\t<\/div>\n\t\t\t\t\t\t\t\t<div class=\"elementor-field-group elementor-column elementor-field-type-submit elementor-col-100 e-form__buttons\">\n\t\t\t\t\t<button type=\"submit\" class=\"elementor-button\">\n\t\t\t\t\t\t<span >\n\t\t\t\t\t\t\t\t\t\t\t\t\t\t\t<span class=\" elementor-button-icon\">\n\t\t\t\t\t\t\t\t\t\t\t\t\t\t\t\t\t\t\t\t\t\t\t\t\t\t<\/span>\n\t\t\t\t\t\t\t\t\t\t\t\t\t\t\t\t\t\t\t\t\t\t<span class=\"elementor-button-text\">Envoyer un message<\/span>\n\t\t\t\t\t\t\t\t\t\t\t\t\t<\/span>\n\t\t\t\t\t<\/button>\n          <button type=\"reset\" class=\"elementor-button elementor-hidden\">\n\t\t\t\t\t\t<span >\n\t\t\t\t\t\t\t              \t\t\t\t\t\t<\/span>\n          <\/button>\n\t\t\t\t<\/div>\n            \t\t\t<\/div>\n\t\t<\/form>\n\t\t\t\t<\/div>\n\t\t\t\t<\/div>\n\t\t\t\t<\/div>\n\t\t\t\t<\/div>\n\t\t<div class=\"elementor-element elementor-element-f3a9ad4 e-con-full e-flex e-con e-child\" data-id=\"f3a9ad4\" data-element_type=\"container\">\n\t\t\t\t<div class=\"elementor-element elementor-element-8e6eb7b elementor-widget elementor-widget-text-editor\" data-id=\"8e6eb7b\" data-element_type=\"widget\" data-widget_type=\"text-editor.default\">\n\t\t\t\t<div class=\"elementor-widget-container\">\n\t\t\t\t\t\t\t<p><b>Nos Bureaux<\/b><br \/>5 Place de La Pyramide<br \/>Tour Ariane,<br \/>Puteaux, France<\/p>\t\t\t\t\t\t<\/div>\n\t\t\t\t<\/div>\n\t\t\t\t<\/div>\n\t\t\t\t<\/div>\n\t\t\t\t\t<\/div>\n\t\t\t\t<\/div>\n\t\t\t\t<\/div>\n\t\t","protected":false},"excerpt":{"rendered":"<p>Des Questions? N&rsquo;h\u00e9sitez pas \u00e0 nous appeler ou \u00e0 nous envoyer un email, ou utilisez notre formulaire de contact pour entrer en communication avec nous. Nous avons h\u00e2te de recevoir de vos nouvelles ! Urgence ? Appelez-nous : +33 7 82 40 86 44 Envoyez-nous un courrier admin@group-intrade.com Nos Bureaux<\/p>\n","protected":false},"author":0,"featured_media":0,"parent":0,"menu_order":0,"comment_status":"closed","ping_status":"publish","template":"","meta":{"two_page_speed":[],"footnotes":""},"class_list":["post-99","page","type-page","status-publish","hentry"],"_links":{"self":[{"href":"https:\/\/group-intrade.com\/fr\/wp-json\/wp\/v2\/pages\/99","targetHints":{"allow":["GET"]}}],"collection":[{"href":"https:\/\/group-intrade.com\/fr\/wp-json\/wp\/v2\/pages"}],"about":[{"href":"https:\/\/group-intrade.com\/fr\/wp-json\/wp\/v2\/types\/page"}],"replies":[{"embeddable":true,"href":"https:\/\/group-intrade.com\/fr\/wp-json\/wp\/v2\/comments?post=99"}],"version-history":[{"count":0,"href":"https:\/\/group-intrade.com\/fr\/wp-json\/wp\/v2\/pages\/99\/revisions"}],"wp:attachment":[{"href":"https:\/\/group-intrade.com\/fr\/wp-json\/wp\/v2\/media?parent=99"}],"curies":[{"name":"wp","href":"https:\/\/api.w.org\/{rel}","templated":true}]}}