{"id":101,"date":"2024-06-18T14:03:57","date_gmt":"2024-06-18T14:03:57","guid":{"rendered":"https:\/\/group-intrade.com\/about\/"},"modified":"2024-06-19T16:15:16","modified_gmt":"2024-06-19T16:15:16","slug":"about","status":"publish","type":"page","link":"https:\/\/group-intrade.com\/fr\/about\/","title":{"rendered":"About"},"content":{"rendered":"\t\t<div data-elementor-type=\"wp-page\" data-elementor-id=\"101\" class=\"elementor elementor-101\">\n\t\t\t\t<div class=\"elementor-element elementor-element-ac7742f e-flex e-con-boxed e-con e-parent\" data-id=\"ac7742f\" data-element_type=\"container\">\n\t\t\t\t\t<div class=\"e-con-inner\">\n\t\t<div class=\"elementor-element elementor-element-ced3d81 e-con-full e-flex e-con e-child\" data-id=\"ced3d81\" data-element_type=\"container\">\n\t\t<div class=\"elementor-element elementor-element-a90cf59 e-con-full e-flex e-con e-child\" data-id=\"a90cf59\" data-element_type=\"container\">\n\t\t<div class=\"elementor-element elementor-element-339fdaa e-con-full e-flex e-con e-child\" data-id=\"339fdaa\" data-element_type=\"container\">\n\t\t\t\t<div class=\"elementor-element elementor-element-2047dd7 elementor-widget elementor-widget-heading\" data-id=\"2047dd7\" data-element_type=\"widget\" data-widget_type=\"heading.default\">\n\t\t\t\t<div class=\"elementor-widget-container\">\n\t\t\t<h2 class=\"elementor-heading-title elementor-size-default\">Notre Mission<\/h2>\t\t<\/div>\n\t\t\t\t<\/div>\n\t\t\t\t<div class=\"elementor-element elementor-element-0d94003 elementor-widget elementor-widget-text-editor\" data-id=\"0d94003\" data-element_type=\"widget\" data-widget_type=\"text-editor.default\">\n\t\t\t\t<div class=\"elementor-widget-container\">\n\t\t\t\t\t\t\t<p>Chez Intrade, nous sommes d\u00e9termin\u00e9s \u00e0 aider nos clients \u00e0 commercialiser leurs produits de mani\u00e8re efficace et rentable. Nous fournissons des solutions personnalis\u00e9es en agrochimie, n\u00e9goce et commodit\u00e9s, et industrie et conseils pour r\u00e9pondre aux besoins sp\u00e9cifiques de chaque client. Notre engagement envers l&rsquo;excellence, l&rsquo;int\u00e9grit\u00e9 et l&rsquo;innovation nous permet de rester en t\u00eate du march\u00e9. Avec Intrade, vous pouvez compter sur une exp\u00e9rience de trading transparente, fiable et satisfaisante.<\/p>\t\t\t\t\t\t<\/div>\n\t\t\t\t<\/div>\n\t\t\t\t<\/div>\n\t\t\t\t<\/div>\n\t\t\t\t<\/div>\n\t\t<div class=\"elementor-element elementor-element-0cb0924 e-con-full e-flex e-con e-child\" data-id=\"0cb0924\" data-element_type=\"container\">\n\t\t\t\t<div class=\"elementor-element elementor-element-47822c8 elementor-widget elementor-widget-image\" data-id=\"47822c8\" data-element_type=\"widget\" data-widget_type=\"image.default\">\n\t\t\t\t<div class=\"elementor-widget-container\">\n\t\t\t\t\t\t\t\t\t\t\t\t\t<img fetchpriority=\"high\" decoding=\"async\" width=\"1024\" height=\"1024\" src=\"https:\/\/group-intrade.com\/wp-content\/uploads\/2024\/06\/israel-andrade-YI_9SivVt_s-unsplash-scaled_vxjGI0DZ.webp\" class=\"attachment-full size-full wp-image-93\" alt=\"\" srcset=\"https:\/\/group-intrade.com\/wp-content\/uploads\/2024\/06\/israel-andrade-YI_9SivVt_s-unsplash-scaled_vxjGI0DZ.webp 1024w, https:\/\/group-intrade.com\/wp-content\/uploads\/2024\/06\/israel-andrade-YI_9SivVt_s-unsplash-scaled_vxjGI0DZ-768x768.webp 768w\" sizes=\"(max-width: 1024px) 100vw, 1024px\" \/>\t\t\t\t\t\t\t\t\t\t\t\t\t<\/div>\n\t\t\t\t<\/div>\n\t\t\t\t<\/div>\n\t\t\t\t\t<\/div>\n\t\t\t\t<\/div>\n\t\t<div class=\"elementor-element elementor-element-19e442d6 e-flex e-con-boxed e-con e-parent\" data-id=\"19e442d6\" data-element_type=\"container\" data-settings=\"{&quot;background_background&quot;:&quot;classic&quot;}\">\n\t\t\t\t\t<div class=\"e-con-inner\">\n\t\t<div class=\"elementor-element elementor-element-15f84a42 e-con-full e-flex e-con e-child\" data-id=\"15f84a42\" data-element_type=\"container\">\n\t\t\t\t<div class=\"elementor-element elementor-element-6d1b7c44 elementor-widget elementor-widget-heading\" data-id=\"6d1b7c44\" data-element_type=\"widget\" data-widget_type=\"heading.default\">\n\t\t\t\t<div class=\"elementor-widget-container\">\n\t\t\t<h2 class=\"elementor-heading-title elementor-size-default\">Notre \u00e9quipe<\/h2>\t\t<\/div>\n\t\t\t\t<\/div>\n\t\t\t\t<div class=\"elementor-element elementor-element-67c459d1 elementor-widget elementor-widget-text-editor\" data-id=\"67c459d1\" data-element_type=\"widget\" data-widget_type=\"text-editor.default\">\n\t\t\t\t<div class=\"elementor-widget-container\">\n\t\t\t\t\t\t\tNotre \u00e9quipe: Des Professionnels Passionn\u00e9s et D\u00e9vou\u00e9s au Succ\u00e8s de Nos Clients\t\t\t\t\t\t<\/div>\n\t\t\t\t<\/div>\n\t\t\t\t<\/div>\n\t\t\t\t\t<\/div>\n\t\t\t\t<\/div>\n\t\t<div class=\"elementor-element elementor-element-3e70b12c e-flex e-con-boxed e-con e-parent\" data-id=\"3e70b12c\" data-element_type=\"container\" data-settings=\"{&quot;background_background&quot;:&quot;classic&quot;}\">\n\t\t\t\t\t<div class=\"e-con-inner\">\n\t\t<div class=\"elementor-element elementor-element-3e8cf194 e-con-full e-flex e-con e-child\" data-id=\"3e8cf194\" data-element_type=\"container\">\n\t\t<div class=\"elementor-element elementor-element-4d74505f e-con-full e-flex e-con e-child\" data-id=\"4d74505f\" data-element_type=\"container\">\n\t\t<div class=\"elementor-element elementor-element-24af6c53 e-con-full e-flex e-con e-child\" data-id=\"24af6c53\" data-element_type=\"container\" data-settings=\"{&quot;background_background&quot;:&quot;classic&quot;}\">\n\t\t\t\t<div class=\"elementor-element elementor-element-2ed8c3e5 elementor-widget elementor-widget-heading\" data-id=\"2ed8c3e5\" data-element_type=\"widget\" data-widget_type=\"heading.default\">\n\t\t\t\t<div class=\"elementor-widget-container\">\n\t\t\t<h3 class=\"elementor-heading-title elementor-size-default\">Henri Fosso<\/h3>\t\t<\/div>\n\t\t\t\t<\/div>\n\t\t\t\t<div class=\"elementor-element elementor-element-75779688 elementor-widget__width-initial elementor-widget elementor-widget-text-editor\" data-id=\"75779688\" data-element_type=\"widget\" data-widget_type=\"text-editor.default\">\n\t\t\t\t<div class=\"elementor-widget-container\">\n\t\t\t\t\t\t\tFondateur et PDG\t\t\t\t\t\t<\/div>\n\t\t\t\t<\/div>\n\t\t\t\t<div class=\"elementor-element elementor-element-57ed93b0 elementor-widget__width-initial elementor-widget elementor-widget-text-editor\" data-id=\"57ed93b0\" data-element_type=\"widget\" data-widget_type=\"text-editor.default\">\n\t\t\t\t<div class=\"elementor-widget-container\">\n\t\t\t\t\t\t\t<p>Henri est agro-\u00e9conomiste de renomm\u00e9e internationale plusieurs fois prim\u00e9e et poss\u00e8de plus de 50 ans d&rsquo;exp\u00e9rience dans le secteur agricole. Il est passionn\u00e9 par l&rsquo;agriculture et la technologie.<\/p>\t\t\t\t\t\t<\/div>\n\t\t\t\t<\/div>\n\t\t\t\t<\/div>\n\t\t<div class=\"elementor-element elementor-element-538eaff e-con-full e-flex e-con e-child\" data-id=\"538eaff\" data-element_type=\"container\">\n\t\t\t\t<\/div>\n\t\t<div class=\"elementor-element elementor-element-ddc0dbe e-con-full e-flex e-con e-child\" data-id=\"ddc0dbe\" data-element_type=\"container\" data-settings=\"{&quot;background_background&quot;:&quot;classic&quot;}\">\n\t\t\t\t<div class=\"elementor-element elementor-element-933cff3 elementor-widget elementor-widget-heading\" data-id=\"933cff3\" data-element_type=\"widget\" data-widget_type=\"heading.default\">\n\t\t\t\t<div class=\"elementor-widget-container\">\n\t\t\t<h3 class=\"elementor-heading-title elementor-size-default\">Christian Fosso<\/h3>\t\t<\/div>\n\t\t\t\t<\/div>\n\t\t\t\t<div class=\"elementor-element elementor-element-f5b5b17 elementor-widget__width-initial elementor-widget elementor-widget-text-editor\" data-id=\"f5b5b17\" data-element_type=\"widget\" data-widget_type=\"text-editor.default\">\n\t\t\t\t<div class=\"elementor-widget-container\">\n\t\t\t\t\t\t\t<p>Directeur Import-Export<\/p>\t\t\t\t\t\t<\/div>\n\t\t\t\t<\/div>\n\t\t\t\t<div class=\"elementor-element elementor-element-0b9414d elementor-widget__width-initial elementor-widget elementor-widget-text-editor\" data-id=\"0b9414d\" data-element_type=\"widget\" data-widget_type=\"text-editor.default\">\n\t\t\t\t<div class=\"elementor-widget-container\">\n\t\t\t\t\t\t\t<p>Christian cumule plus de 20 ans d&rsquo;experience dans le domaine du trading des Commodit\u00e9s. Il est \u00e9galement DG de FIMEX International et membre du bureau ex\u00e9cutif du patronat au Cameroun<\/p>\t\t\t\t\t\t<\/div>\n\t\t\t\t<\/div>\n\t\t\t\t<\/div>\n\t\t\t\t<\/div>\n\t\t\t\t<\/div>\n\t\t\t\t\t<\/div>\n\t\t\t\t<\/div>\n\t\t\t\t<\/div>\n\t\t","protected":false},"excerpt":{"rendered":"<p>Notre Mission Chez Intrade, nous sommes d\u00e9termin\u00e9s \u00e0 aider nos clients \u00e0 commercialiser leurs produits de mani\u00e8re efficace et rentable. Nous fournissons des solutions personnalis\u00e9es en agrochimie, n\u00e9goce et commodit\u00e9s, et industrie et conseils pour r\u00e9pondre aux besoins sp\u00e9cifiques de chaque client. Notre engagement envers l&rsquo;excellence, l&rsquo;int\u00e9grit\u00e9 et l&rsquo;innovation nous permet de rester en t\u00eate [&hellip;]<\/p>\n","protected":false},"author":0,"featured_media":0,"parent":0,"menu_order":0,"comment_status":"closed","ping_status":"publish","template":"","meta":{"two_page_speed":[],"footnotes":""},"class_list":["post-101","page","type-page","status-publish","hentry"],"_links":{"self":[{"href":"https:\/\/group-intrade.com\/fr\/wp-json\/wp\/v2\/pages\/101","targetHints":{"allow":["GET"]}}],"collection":[{"href":"https:\/\/group-intrade.com\/fr\/wp-json\/wp\/v2\/pages"}],"about":[{"href":"https:\/\/group-intrade.com\/fr\/wp-json\/wp\/v2\/types\/page"}],"replies":[{"embeddable":true,"href":"https:\/\/group-intrade.com\/fr\/wp-json\/wp\/v2\/comments?post=101"}],"version-history":[{"count":0,"href":"https:\/\/group-intrade.com\/fr\/wp-json\/wp\/v2\/pages\/101\/revisions"}],"wp:attachment":[{"href":"https:\/\/group-intrade.com\/fr\/wp-json\/wp\/v2\/media?parent=101"}],"curies":[{"name":"wp","href":"https:\/\/api.w.org\/{rel}","templated":true}]}}